{"id":252,"date":"2025-05-30T10:41:46","date_gmt":"2025-05-30T10:41:46","guid":{"rendered":"https:\/\/romantic-goldberg.45-86-144-166.plesk.page\/?page_id=252"},"modified":"2025-06-10T13:32:24","modified_gmt":"2025-06-10T13:32:24","slug":"faq","status":"publish","type":"page","link":"https:\/\/tgintribunale.it\/index.php\/faq\/","title":{"rendered":"FAQ"},"content":{"rendered":"\t\t<div data-elementor-type=\"wp-page\" data-elementor-id=\"252\" class=\"elementor elementor-252\" data-elementor-post-type=\"page\">\n\t\t\t\t<div class=\"elementor-element elementor-element-1186642 e-con-full e-flex e-con e-parent\" data-id=\"1186642\" data-element_type=\"container\" data-e-type=\"container\" data-settings=\"{&quot;background_background&quot;:&quot;classic&quot;}\">\n\t\t\t\t<div class=\"elementor-element elementor-element-dbd8fc7 elementor-widget elementor-widget-heading\" data-id=\"dbd8fc7\" data-element_type=\"widget\" data-e-type=\"widget\" data-widget_type=\"heading.default\">\n\t\t\t\t<div class=\"elementor-widget-container\">\n\t\t\t\t\t<h2 class=\"elementor-heading-title elementor-size-default\">FAQ<\/h2>\t\t\t\t<\/div>\n\t\t\t\t<\/div>\n\t\t\t\t<\/div>\n\t\t<div class=\"elementor-element elementor-element-fc55312 e-flex e-con-boxed e-con e-parent\" data-id=\"fc55312\" data-element_type=\"container\" data-e-type=\"container\">\n\t\t\t\t\t<div class=\"e-con-inner\">\n\t\t<div class=\"elementor-element elementor-element-e88d4b6 e-con-full e-flex e-con e-child\" data-id=\"e88d4b6\" data-element_type=\"container\" data-e-type=\"container\">\n\t\t\t\t<div class=\"elementor-element elementor-element-bbccb2e elementor-widget elementor-widget-heading\" data-id=\"bbccb2e\" data-element_type=\"widget\" data-e-type=\"widget\" data-widget_type=\"heading.default\">\n\t\t\t\t<div class=\"elementor-widget-container\">\n\t\t\t\t\t<h2 class=\"elementor-heading-title elementor-size-default\">Prevedete qualche limitazione riguardo al tipo di testi o siti internet per i quali offrite i vostri servizi?<\/h2>\t\t\t\t<\/div>\n\t\t\t\t<\/div>\n\t\t<div class=\"elementor-element elementor-element-081f498 e-con-full e-flex e-con e-child\" data-id=\"081f498\" data-element_type=\"container\" data-e-type=\"container\">\n\t\t\t\t<div class=\"elementor-element elementor-element-d15c035 elementor-widget elementor-widget-text-editor\" data-id=\"d15c035\" data-element_type=\"widget\" data-e-type=\"widget\" data-widget_type=\"text-editor.default\">\n\t\t\t\t<div class=\"elementor-widget-container\">\n\t\t\t\t\t\t\t\t\t<p>Accettiamo qualsiasi tipo di materiale il cui contenuto non sia in conflitto con le prescrizioni di legge (ad es. incitamento all&#8217;odio razziale, alla pedofilia, allo sfruttamento dei minori, alla commissione di reati di qualsiasi genere).<\/p>\t\t\t\t\t\t\t\t<\/div>\n\t\t\t\t<\/div>\n\t\t\t\t<\/div>\n\t\t\t\t<\/div>\n\t\t\t\t\t<\/div>\n\t\t\t\t<\/div>\n\t\t<div class=\"elementor-element elementor-element-6ff14e8 e-flex e-con-boxed e-con e-parent\" data-id=\"6ff14e8\" data-element_type=\"container\" data-e-type=\"container\">\n\t\t\t\t\t<div class=\"e-con-inner\">\n\t\t\t\t<div class=\"elementor-element elementor-element-22fe0f4 elementor-widget elementor-widget-heading\" data-id=\"22fe0f4\" data-element_type=\"widget\" data-e-type=\"widget\" data-widget_type=\"heading.default\">\n\t\t\t\t<div class=\"elementor-widget-container\">\n\t\t\t\t\t<h2 class=\"elementor-heading-title elementor-size-default\">Trattate anche lavori di piccole dimensioni?<\/h2>\t\t\t\t<\/div>\n\t\t\t\t<\/div>\n\t\t\t\t<div class=\"elementor-element elementor-element-d071cfa elementor-widget elementor-widget-text-editor\" data-id=\"d071cfa\" data-element_type=\"widget\" data-e-type=\"widget\" data-widget_type=\"text-editor.default\">\n\t\t\t\t<div class=\"elementor-widget-container\">\n\t\t\t\t\t\t\t\t\t<p>Naturalmente, in quanto il nostro obiettivo principale \u00e8 soddisfare le esigenze del Cliente.<\/p>\t\t\t\t\t\t\t\t<\/div>\n\t\t\t\t<\/div>\n\t\t\t\t\t<\/div>\n\t\t\t\t<\/div>\n\t\t<div class=\"elementor-element elementor-element-9aac278 e-flex e-con-boxed e-con e-parent\" data-id=\"9aac278\" data-element_type=\"container\" data-e-type=\"container\">\n\t\t\t\t\t<div class=\"e-con-inner\">\n\t\t\t\t<div class=\"elementor-element elementor-element-45e7470 elementor-widget elementor-widget-heading\" data-id=\"45e7470\" data-element_type=\"widget\" data-e-type=\"widget\" data-widget_type=\"heading.default\">\n\t\t\t\t<div class=\"elementor-widget-container\">\n\t\t\t\t\t<h2 class=\"elementor-heading-title elementor-size-default\">I traduttori traducono verso pi\u00f9 lingue?<\/h2>\t\t\t\t<\/div>\n\t\t\t\t<\/div>\n\t\t\t\t<div class=\"elementor-element elementor-element-686848d elementor-widget elementor-widget-text-editor\" data-id=\"686848d\" data-element_type=\"widget\" data-e-type=\"widget\" data-widget_type=\"text-editor.default\">\n\t\t\t\t<div class=\"elementor-widget-container\">\n\t\t\t\t\t\t\t\t\tIl nostro team \u00e8 composto unicamente da traduttori madrelingua, perfettamente in grado di comprendere il testo nella lingua di partenza per poi tradurlo solo ed esclusivamente verso la loro lingua madre.\n\t\t\t\t\t\t\t\t<\/div>\n\t\t\t\t<\/div>\n\t\t\t\t\t<\/div>\n\t\t\t\t<\/div>\n\t\t<div class=\"elementor-element elementor-element-7226f41 e-flex e-con-boxed e-con e-parent\" data-id=\"7226f41\" data-element_type=\"container\" data-e-type=\"container\">\n\t\t\t\t\t<div class=\"e-con-inner\">\n\t\t\t\t<div class=\"elementor-element elementor-element-7ea01ab elementor-widget elementor-widget-heading\" data-id=\"7ea01ab\" data-element_type=\"widget\" data-e-type=\"widget\" data-widget_type=\"heading.default\">\n\t\t\t\t<div class=\"elementor-widget-container\">\n\t\t\t\t\t<h2 class=\"elementor-heading-title elementor-size-default\">Lavorate con aziende o con privati?<\/h2>\t\t\t\t<\/div>\n\t\t\t\t<\/div>\n\t\t\t\t<div class=\"elementor-element elementor-element-00300d8 elementor-widget elementor-widget-text-editor\" data-id=\"00300d8\" data-element_type=\"widget\" data-e-type=\"widget\" data-widget_type=\"text-editor.default\">\n\t\t\t\t<div class=\"elementor-widget-container\">\n\t\t\t\t\t\t\t\t\tLavoriamo con ogni tipo di Clientela.\n\t\t\t\t\t\t\t\t<\/div>\n\t\t\t\t<\/div>\n\t\t\t\t\t<\/div>\n\t\t\t\t<\/div>\n\t\t<div class=\"elementor-element elementor-element-42cc11e e-flex e-con-boxed e-con e-parent\" data-id=\"42cc11e\" data-element_type=\"container\" data-e-type=\"container\">\n\t\t\t\t\t<div class=\"e-con-inner\">\n\t\t\t\t<div class=\"elementor-element elementor-element-4a7cfb5 elementor-widget elementor-widget-heading\" data-id=\"4a7cfb5\" data-element_type=\"widget\" data-e-type=\"widget\" data-widget_type=\"heading.default\">\n\t\t\t\t<div class=\"elementor-widget-container\">\n\t\t\t\t\t<h2 class=\"elementor-heading-title elementor-size-default\">Come possiamo inviarvi il materiale da tradurre e avere un preventivo gratuito?<\/h2>\t\t\t\t<\/div>\n\t\t\t\t<\/div>\n\t\t\t\t<div class=\"elementor-element elementor-element-fcbf7c6 elementor-widget elementor-widget-text-editor\" data-id=\"fcbf7c6\" data-element_type=\"widget\" data-e-type=\"widget\" data-widget_type=\"text-editor.default\">\n\t\t\t\t<div class=\"elementor-widget-container\">\n\t\t\t\t\t\t\t\t\tE\u2019 sufficiente inviare una mail al nostro indirizzo di posta elettronica, allegando il documento e la lingua richiesta. Vi risponderemo personalmente in tempi brevi e con la massima efficienza.\t\t\t\t\t\t\t\t<\/div>\n\t\t\t\t<\/div>\n\t\t\t\t\t<\/div>\n\t\t\t\t<\/div>\n\t\t<div class=\"elementor-element elementor-element-67ac0f8 e-flex e-con-boxed e-con e-parent\" data-id=\"67ac0f8\" data-element_type=\"container\" data-e-type=\"container\">\n\t\t\t\t\t<div class=\"e-con-inner\">\n\t\t\t\t<div class=\"elementor-element elementor-element-2273f34 elementor-widget elementor-widget-heading\" data-id=\"2273f34\" data-element_type=\"widget\" data-e-type=\"widget\" data-widget_type=\"heading.default\">\n\t\t\t\t<div class=\"elementor-widget-container\">\n\t\t\t\t\t<h2 class=\"elementor-heading-title elementor-size-default\">Sono un traduttore e vorrei collaborare con voi, come posso inviarvi il mio curriculum?<\/h2>\t\t\t\t<\/div>\n\t\t\t\t<\/div>\n\t\t\t\t<div class=\"elementor-element elementor-element-709c003 elementor-widget elementor-widget-text-editor\" data-id=\"709c003\" data-element_type=\"widget\" data-e-type=\"widget\" data-widget_type=\"text-editor.default\">\n\t\t\t\t<div class=\"elementor-widget-container\">\n\t\t\t\t\t\t\t\t\tMandi pure la sua candidatura al nostro indirizzo e-mail, saremo lieti di inserirla nel nostro database.\n\t\t\t\t\t\t\t\t<\/div>\n\t\t\t\t<\/div>\n\t\t\t\t\t<\/div>\n\t\t\t\t<\/div>\n\t\t<div class=\"elementor-element elementor-element-41912fe e-flex e-con-boxed e-con e-parent\" data-id=\"41912fe\" data-element_type=\"container\" data-e-type=\"container\">\n\t\t\t\t\t<div class=\"e-con-inner\">\n\t\t\t\t<div class=\"elementor-element elementor-element-d7d0c15 elementor-widget elementor-widget-heading\" data-id=\"d7d0c15\" data-element_type=\"widget\" data-e-type=\"widget\" data-widget_type=\"heading.default\">\n\t\t\t\t<div class=\"elementor-widget-container\">\n\t\t\t\t\t<h2 class=\"elementor-heading-title elementor-size-default\">Prevedete la possibilit\u00e0 di stabilire rapporti di collaborazione continuativa con aziende che necessitino spesso dei vostri servizi?<\/h2>\t\t\t\t<\/div>\n\t\t\t\t<\/div>\n\t\t\t\t<div class=\"elementor-element elementor-element-e12a6e3 elementor-widget elementor-widget-text-editor\" data-id=\"e12a6e3\" data-element_type=\"widget\" data-e-type=\"widget\" data-widget_type=\"text-editor.default\">\n\t\t\t\t<div class=\"elementor-widget-container\">\n\t\t\t\t\t\t\t\t\tLa fidelizzazione del Cliente \u00e8 uno dei nostri obiettivi principali e, proprio per questo, riteniamo molto importante stabilire un rapporto di fiducia e di continuit\u00e0 con aziende, studi legali e privati valutando per ogni singolo caso la migliore offerta.\n\t\t\t\t\t\t\t\t<\/div>\n\t\t\t\t<\/div>\n\t\t\t\t\t<\/div>\n\t\t\t\t<\/div>\n\t\t<div class=\"elementor-element elementor-element-d88fce5 e-flex e-con-boxed e-con e-parent\" data-id=\"d88fce5\" data-element_type=\"container\" data-e-type=\"container\">\n\t\t\t\t\t<div class=\"e-con-inner\">\n\t\t\t\t<div class=\"elementor-element elementor-element-ef5b0e9 elementor-widget elementor-widget-heading\" data-id=\"ef5b0e9\" data-element_type=\"widget\" data-e-type=\"widget\" data-widget_type=\"heading.default\">\n\t\t\t\t<div class=\"elementor-widget-container\">\n\t\t\t\t\t<h2 class=\"elementor-heading-title elementor-size-default\">Come stabilite i vostri prezzi?<\/h2>\t\t\t\t<\/div>\n\t\t\t\t<\/div>\n\t\t\t\t<div class=\"elementor-element elementor-element-ecf6e34 elementor-widget elementor-widget-text-editor\" data-id=\"ecf6e34\" data-element_type=\"widget\" data-e-type=\"widget\" data-widget_type=\"text-editor.default\">\n\t\t\t\t<div class=\"elementor-widget-container\">\n\t\t\t\t\t\t\t\t\tA differenza di altre agenzie che forniscono quotazioni direttamente online basate solo sulla lunghezza del testo, noi preferiamo di volta in volta analizzare il materiale da tradurre e fornire al cliente un preventivo che tenga conto della lingua d\u2019arrivo, delle caratteristiche del testo, dei tempi di consegna richiesti e del rapporto in essere con il Cliente stesso.\t\t\t\t\t\t\t\t<\/div>\n\t\t\t\t<\/div>\n\t\t\t\t\t<\/div>\n\t\t\t\t<\/div>\n\t\t<div class=\"elementor-element elementor-element-d21030d e-flex e-con-boxed e-con e-parent\" data-id=\"d21030d\" data-element_type=\"container\" data-e-type=\"container\">\n\t\t\t\t\t<div class=\"e-con-inner\">\n\t\t\t\t<div class=\"elementor-element elementor-element-b55afee elementor-widget elementor-widget-heading\" data-id=\"b55afee\" data-element_type=\"widget\" data-e-type=\"widget\" data-widget_type=\"heading.default\">\n\t\t\t\t<div class=\"elementor-widget-container\">\n\t\t\t\t\t<h2 class=\"elementor-heading-title elementor-size-default\">I vostri prezzi sono vantaggiosi?<\/h2>\t\t\t\t<\/div>\n\t\t\t\t<\/div>\n\t\t\t\t<div class=\"elementor-element elementor-element-7741062 elementor-widget elementor-widget-text-editor\" data-id=\"7741062\" data-element_type=\"widget\" data-e-type=\"widget\" data-widget_type=\"text-editor.default\">\n\t\t\t\t<div class=\"elementor-widget-container\">\n\t\t\t\t\t\t\t\t\tGrazie al diretto coinvolgimento dei nostri colleghi traduttori, senza necessit\u00e0 di ulteriori passaggi di intermediazione, siamo in grado di offrire prezzi vantaggiosi mantenendo alta la qualit\u00e0 del servizio.\t\t\t\t\t\t\t\t<\/div>\n\t\t\t\t<\/div>\n\t\t\t\t\t<\/div>\n\t\t\t\t<\/div>\n\t\t<div class=\"elementor-element elementor-element-04c5513 e-flex e-con-boxed e-con e-parent\" data-id=\"04c5513\" data-element_type=\"container\" data-e-type=\"container\">\n\t\t\t\t\t<div class=\"e-con-inner\">\n\t\t\t\t<div class=\"elementor-element elementor-element-7af46b4 elementor-widget elementor-widget-heading\" data-id=\"7af46b4\" data-element_type=\"widget\" data-e-type=\"widget\" data-widget_type=\"heading.default\">\n\t\t\t\t<div class=\"elementor-widget-container\">\n\t\t\t\t\t<h2 class=\"elementor-heading-title elementor-size-default\">Come sono i vostri tempi di consegna?<\/h2>\t\t\t\t<\/div>\n\t\t\t\t<\/div>\n\t\t\t\t<div class=\"elementor-element elementor-element-d6f19be elementor-widget elementor-widget-text-editor\" data-id=\"d6f19be\" data-element_type=\"widget\" data-e-type=\"widget\" data-widget_type=\"text-editor.default\">\n\t\t\t\t<div class=\"elementor-widget-container\">\n\t\t\t\t\t\t\t\t\tLa nostra priorit\u00e0 \u00e8 offrire un servizio rapido ed efficiente mantenendo allo stesso tempo alta la qualit\u00e0 del prodotto finito. In caso di urgenza siamo disponibili a lavorare anche nel weekend.\t\t\t\t\t\t\t\t<\/div>\n\t\t\t\t<\/div>\n\t\t\t\t\t<\/div>\n\t\t\t\t<\/div>\n\t\t<div class=\"elementor-element elementor-element-cb7ba9d e-flex e-con-boxed e-con e-parent\" data-id=\"cb7ba9d\" data-element_type=\"container\" data-e-type=\"container\">\n\t\t\t\t\t<div class=\"e-con-inner\">\n\t\t\t\t<div class=\"elementor-element elementor-element-9447999 elementor-widget elementor-widget-heading\" data-id=\"9447999\" data-element_type=\"widget\" data-e-type=\"widget\" data-widget_type=\"heading.default\">\n\t\t\t\t<div class=\"elementor-widget-container\">\n\t\t\t\t\t<h2 class=\"elementor-heading-title elementor-size-default\">Che tipo di pagamenti accettate?<\/h2>\t\t\t\t<\/div>\n\t\t\t\t<\/div>\n\t\t\t\t<div class=\"elementor-element elementor-element-b482fd8 elementor-widget elementor-widget-text-editor\" data-id=\"b482fd8\" data-element_type=\"widget\" data-e-type=\"widget\" data-widget_type=\"text-editor.default\">\n\t\t\t\t<div class=\"elementor-widget-container\">\n\t\t\t\t\t\t\t\t\tContante, bonifico bancario e carte di credito. Le modalit\u00e0 e i tempi di pagamento non sono prefissati ma vengono stabiliti di volta in volta.\n\t\t\t\t\t\t\t\t<\/div>\n\t\t\t\t<\/div>\n\t\t\t\t\t<\/div>\n\t\t\t\t<\/div>\n\t\t<div class=\"elementor-element elementor-element-01e1130 e-flex e-con-boxed e-con e-parent\" data-id=\"01e1130\" data-element_type=\"container\" data-e-type=\"container\">\n\t\t\t\t\t<div class=\"e-con-inner\">\n\t\t\t\t<div class=\"elementor-element elementor-element-42fc643 elementor-widget elementor-widget-heading\" data-id=\"42fc643\" data-element_type=\"widget\" data-e-type=\"widget\" data-widget_type=\"heading.default\">\n\t\t\t\t<div class=\"elementor-widget-container\">\n\t\t\t\t\t<h2 class=\"elementor-heading-title elementor-size-default\">Quali garanzie offrite circa la qualit\u00e0 del servizio?<\/h2>\t\t\t\t<\/div>\n\t\t\t\t<\/div>\n\t\t\t\t<div class=\"elementor-element elementor-element-c2fe1f3 elementor-widget elementor-widget-text-editor\" data-id=\"c2fe1f3\" data-element_type=\"widget\" data-e-type=\"widget\" data-widget_type=\"text-editor.default\">\n\t\t\t\t<div class=\"elementor-widget-container\">\n\t\t\t\t\t\t\t\t\tLa garanzia \u00e8 costituita dalla nostra competenza ed esperienza professionale in qualit\u00e0 di traduttori madrelingua specializzati. In nessun caso vengono utilizzati software di traduzione automatica.\t\t\t\t\t\t\t\t<\/div>\n\t\t\t\t<\/div>\n\t\t\t\t\t<\/div>\n\t\t\t\t<\/div>\n\t\t<div class=\"elementor-element elementor-element-091920d e-flex e-con-boxed e-con e-parent\" data-id=\"091920d\" data-element_type=\"container\" data-e-type=\"container\">\n\t\t\t\t\t<div class=\"e-con-inner\">\n\t\t\t\t<div class=\"elementor-element elementor-element-7164729 elementor-widget elementor-widget-spacer\" data-id=\"7164729\" data-element_type=\"widget\" data-e-type=\"widget\" data-widget_type=\"spacer.default\">\n\t\t\t\t<div class=\"elementor-widget-container\">\n\t\t\t\t\t\t\t<div class=\"elementor-spacer\">\n\t\t\t<div class=\"elementor-spacer-inner\"><\/div>\n\t\t<\/div>\n\t\t\t\t\t\t<\/div>\n\t\t\t\t<\/div>\n\t\t\t\t\t<\/div>\n\t\t\t\t<\/div>\n\t\t\t\t<\/div>\n\t\t","protected":false},"excerpt":{"rendered":"<p>FAQ Prevedete qualche limitazione riguardo al tipo di testi o siti internet per i quali offrite i vostri servizi? Accettiamo qualsiasi tipo di materiale il cui contenuto non sia in conflitto con le prescrizioni di legge (ad es. incitamento all&#8217;odio razziale, alla pedofilia, allo sfruttamento dei minori, alla commissione di reati di qualsiasi genere). Trattate [&hellip;]<\/p>\n","protected":false},"author":1,"featured_media":0,"parent":0,"menu_order":0,"comment_status":"closed","ping_status":"closed","template":"elementor_header_footer","meta":{"ocean_post_layout":"","ocean_both_sidebars_style":"","ocean_both_sidebars_content_width":0,"ocean_both_sidebars_sidebars_width":0,"ocean_sidebar":"","ocean_second_sidebar":"","ocean_disable_margins":"enable","ocean_add_body_class":"","ocean_shortcode_before_top_bar":"","ocean_shortcode_after_top_bar":"","ocean_shortcode_before_header":"","ocean_shortcode_after_header":"","ocean_has_shortcode":"","ocean_shortcode_after_title":"","ocean_shortcode_before_footer_widgets":"","ocean_shortcode_after_footer_widgets":"","ocean_shortcode_before_footer_bottom":"","ocean_shortcode_after_footer_bottom":"","ocean_display_top_bar":"default","ocean_display_header":"default","ocean_header_style":"","ocean_center_header_left_menu":"","ocean_custom_header_template":"","ocean_custom_logo":0,"ocean_custom_retina_logo":0,"ocean_custom_logo_max_width":0,"ocean_custom_logo_tablet_max_width":0,"ocean_custom_logo_mobile_max_width":0,"ocean_custom_logo_max_height":0,"ocean_custom_logo_tablet_max_height":0,"ocean_custom_logo_mobile_max_height":0,"ocean_header_custom_menu":"","ocean_menu_typo_font_family":"","ocean_menu_typo_font_subset":"","ocean_menu_typo_font_size":0,"ocean_menu_typo_font_size_tablet":0,"ocean_menu_typo_font_size_mobile":0,"ocean_menu_typo_font_size_unit":"px","ocean_menu_typo_font_weight":"","ocean_menu_typo_font_weight_tablet":"","ocean_menu_typo_font_weight_mobile":"","ocean_menu_typo_transform":"","ocean_menu_typo_transform_tablet":"","ocean_menu_typo_transform_mobile":"","ocean_menu_typo_line_height":0,"ocean_menu_typo_line_height_tablet":0,"ocean_menu_typo_line_height_mobile":0,"ocean_menu_typo_line_height_unit":"","ocean_menu_typo_spacing":0,"ocean_menu_typo_spacing_tablet":0,"ocean_menu_typo_spacing_mobile":0,"ocean_menu_typo_spacing_unit":"","ocean_menu_link_color":"","ocean_menu_link_color_hover":"","ocean_menu_link_color_active":"","ocean_menu_link_background":"","ocean_menu_link_hover_background":"","ocean_menu_link_active_background":"","ocean_menu_social_links_bg":"","ocean_menu_social_hover_links_bg":"","ocean_menu_social_links_color":"","ocean_menu_social_hover_links_color":"","ocean_disable_title":"default","ocean_disable_heading":"default","ocean_post_title":"","ocean_post_subheading":"","ocean_post_title_style":"","ocean_post_title_background_color":"","ocean_post_title_background":0,"ocean_post_title_bg_image_position":"","ocean_post_title_bg_image_attachment":"","ocean_post_title_bg_image_repeat":"","ocean_post_title_bg_image_size":"","ocean_post_title_height":0,"ocean_post_title_bg_overlay":0.5,"ocean_post_title_bg_overlay_color":"","ocean_disable_breadcrumbs":"default","ocean_breadcrumbs_color":"","ocean_breadcrumbs_separator_color":"","ocean_breadcrumbs_links_color":"","ocean_breadcrumbs_links_hover_color":"","ocean_display_footer_widgets":"default","ocean_display_footer_bottom":"default","ocean_custom_footer_template":"","footnotes":""},"class_list":["post-252","page","type-page","status-publish","hentry","entry"],"yoast_head":"<!-- This site is optimized with the Yoast SEO plugin v27.6 - https:\/\/yoast.com\/product\/yoast-seo-wordpress\/ -->\n<title>FAQ - TGinTribunale di Marco Daolio<\/title>\n<meta name=\"robots\" content=\"index, follow, max-snippet:-1, max-image-preview:large, max-video-preview:-1\" \/>\n<link rel=\"canonical\" href=\"https:\/\/tgintribunale.it\/index.php\/faq\/\" \/>\n<meta property=\"og:locale\" content=\"it_IT\" \/>\n<meta property=\"og:type\" content=\"article\" \/>\n<meta property=\"og:title\" content=\"FAQ - TGinTribunale di Marco Daolio\" \/>\n<meta property=\"og:description\" content=\"FAQ Prevedete qualche limitazione riguardo al tipo di testi o siti internet per i quali offrite i vostri servizi? Accettiamo qualsiasi tipo di materiale il cui contenuto non sia in conflitto con le prescrizioni di legge (ad es. incitamento all&#8217;odio razziale, alla pedofilia, allo sfruttamento dei minori, alla commissione di reati di qualsiasi genere). Trattate [&hellip;]\" \/>\n<meta property=\"og:url\" content=\"https:\/\/tgintribunale.it\/index.php\/faq\/\" \/>\n<meta property=\"og:site_name\" content=\"TGinTribunale di Marco Daolio\" \/>\n<meta property=\"article:modified_time\" content=\"2025-06-10T13:32:24+00:00\" \/>\n<meta name=\"twitter:card\" content=\"summary_large_image\" \/>\n<meta name=\"twitter:label1\" content=\"Tempo di lettura stimato\" \/>\n\t<meta name=\"twitter:data1\" content=\"3 minuti\" \/>\n<script type=\"application\/ld+json\" class=\"yoast-schema-graph\">{\"@context\":\"https:\\\/\\\/schema.org\",\"@graph\":[{\"@type\":\"WebPage\",\"@id\":\"https:\\\/\\\/tgintribunale.it\\\/index.php\\\/faq\\\/\",\"url\":\"https:\\\/\\\/tgintribunale.it\\\/index.php\\\/faq\\\/\",\"name\":\"FAQ - TGinTribunale di Marco Daolio\",\"isPartOf\":{\"@id\":\"https:\\\/\\\/tgintribunale.it\\\/#website\"},\"datePublished\":\"2025-05-30T10:41:46+00:00\",\"dateModified\":\"2025-06-10T13:32:24+00:00\",\"breadcrumb\":{\"@id\":\"https:\\\/\\\/tgintribunale.it\\\/index.php\\\/faq\\\/#breadcrumb\"},\"inLanguage\":\"it-IT\",\"potentialAction\":[{\"@type\":\"ReadAction\",\"target\":[\"https:\\\/\\\/tgintribunale.it\\\/index.php\\\/faq\\\/\"]}]},{\"@type\":\"BreadcrumbList\",\"@id\":\"https:\\\/\\\/tgintribunale.it\\\/index.php\\\/faq\\\/#breadcrumb\",\"itemListElement\":[{\"@type\":\"ListItem\",\"position\":1,\"name\":\"Home\",\"item\":\"https:\\\/\\\/tgintribunale.it\\\/\"},{\"@type\":\"ListItem\",\"position\":2,\"name\":\"FAQ\"}]},{\"@type\":\"WebSite\",\"@id\":\"https:\\\/\\\/tgintribunale.it\\\/#website\",\"url\":\"https:\\\/\\\/tgintribunale.it\\\/\",\"name\":\"TGinTribunale di Marco Daolio\",\"description\":\"Le tue traduzioni sono in buone mani\",\"potentialAction\":[{\"@type\":\"SearchAction\",\"target\":{\"@type\":\"EntryPoint\",\"urlTemplate\":\"https:\\\/\\\/tgintribunale.it\\\/?s={search_term_string}\"},\"query-input\":{\"@type\":\"PropertyValueSpecification\",\"valueRequired\":true,\"valueName\":\"search_term_string\"}}],\"inLanguage\":\"it-IT\"}]}<\/script>\n<!-- \/ Yoast SEO plugin. -->","yoast_head_json":{"title":"FAQ - TGinTribunale di Marco Daolio","robots":{"index":"index","follow":"follow","max-snippet":"max-snippet:-1","max-image-preview":"max-image-preview:large","max-video-preview":"max-video-preview:-1"},"canonical":"https:\/\/tgintribunale.it\/index.php\/faq\/","og_locale":"it_IT","og_type":"article","og_title":"FAQ - TGinTribunale di Marco Daolio","og_description":"FAQ Prevedete qualche limitazione riguardo al tipo di testi o siti internet per i quali offrite i vostri servizi? Accettiamo qualsiasi tipo di materiale il cui contenuto non sia in conflitto con le prescrizioni di legge (ad es. incitamento all&#8217;odio razziale, alla pedofilia, allo sfruttamento dei minori, alla commissione di reati di qualsiasi genere). Trattate [&hellip;]","og_url":"https:\/\/tgintribunale.it\/index.php\/faq\/","og_site_name":"TGinTribunale di Marco Daolio","article_modified_time":"2025-06-10T13:32:24+00:00","twitter_card":"summary_large_image","twitter_misc":{"Tempo di lettura stimato":"3 minuti"},"schema":{"@context":"https:\/\/schema.org","@graph":[{"@type":"WebPage","@id":"https:\/\/tgintribunale.it\/index.php\/faq\/","url":"https:\/\/tgintribunale.it\/index.php\/faq\/","name":"FAQ - TGinTribunale di Marco Daolio","isPartOf":{"@id":"https:\/\/tgintribunale.it\/#website"},"datePublished":"2025-05-30T10:41:46+00:00","dateModified":"2025-06-10T13:32:24+00:00","breadcrumb":{"@id":"https:\/\/tgintribunale.it\/index.php\/faq\/#breadcrumb"},"inLanguage":"it-IT","potentialAction":[{"@type":"ReadAction","target":["https:\/\/tgintribunale.it\/index.php\/faq\/"]}]},{"@type":"BreadcrumbList","@id":"https:\/\/tgintribunale.it\/index.php\/faq\/#breadcrumb","itemListElement":[{"@type":"ListItem","position":1,"name":"Home","item":"https:\/\/tgintribunale.it\/"},{"@type":"ListItem","position":2,"name":"FAQ"}]},{"@type":"WebSite","@id":"https:\/\/tgintribunale.it\/#website","url":"https:\/\/tgintribunale.it\/","name":"TGinTribunale di Marco Daolio","description":"Le tue traduzioni sono in buone mani","potentialAction":[{"@type":"SearchAction","target":{"@type":"EntryPoint","urlTemplate":"https:\/\/tgintribunale.it\/?s={search_term_string}"},"query-input":{"@type":"PropertyValueSpecification","valueRequired":true,"valueName":"search_term_string"}}],"inLanguage":"it-IT"}]}},"_links":{"self":[{"href":"https:\/\/tgintribunale.it\/index.php\/wp-json\/wp\/v2\/pages\/252","targetHints":{"allow":["GET"]}}],"collection":[{"href":"https:\/\/tgintribunale.it\/index.php\/wp-json\/wp\/v2\/pages"}],"about":[{"href":"https:\/\/tgintribunale.it\/index.php\/wp-json\/wp\/v2\/types\/page"}],"author":[{"embeddable":true,"href":"https:\/\/tgintribunale.it\/index.php\/wp-json\/wp\/v2\/users\/1"}],"replies":[{"embeddable":true,"href":"https:\/\/tgintribunale.it\/index.php\/wp-json\/wp\/v2\/comments?post=252"}],"version-history":[{"count":64,"href":"https:\/\/tgintribunale.it\/index.php\/wp-json\/wp\/v2\/pages\/252\/revisions"}],"predecessor-version":[{"id":1623,"href":"https:\/\/tgintribunale.it\/index.php\/wp-json\/wp\/v2\/pages\/252\/revisions\/1623"}],"wp:attachment":[{"href":"https:\/\/tgintribunale.it\/index.php\/wp-json\/wp\/v2\/media?parent=252"}],"curies":[{"name":"wp","href":"https:\/\/api.w.org\/{rel}","templated":true}]}}